{"id":91,"date":"2024-03-31T14:44:05","date_gmt":"2024-03-31T14:44:05","guid":{"rendered":"https:\/\/4.nejcsilak.lab1.almamater.si\/?post_type=product&#038;p=91"},"modified":"2024-04-23T09:39:31","modified_gmt":"2024-04-23T09:39:31","slug":"sportna-torba","status":"publish","type":"product","link":"https:\/\/4.nejcsilak.lab1.almamater.si\/?product=sportna-torba","title":{"rendered":"\u0160portna torba"},"content":{"rendered":"<p><span>\u0160portna torba je oblikovana za udobno prena\u0161anje in organizacijo \u0161portne opreme ter drugih potreb\u0161\u010din med vadbo, potovanjem ali vsakodnevnimi aktivnostmi. Prilagodljivi predeli in \u017eepi omogo\u010dajo lo\u010deno shranjevanje obla\u010dil, \u010devljev, brisa\u010d, steklenice za vodo in drugih osebnih predmetov. Izdelana je iz vzdr\u017eljivih materialov, ki zagotavljajo trajnost in za\u0161\u010dito pred zunanjimi vplivi, medtem ko ergonomsko oblikovani trakovi in ro\u010daji omogo\u010dajo udobno no\u0161enje. <\/span><\/p>\n","protected":false},"excerpt":{"rendered":"<p>Prostorna torba, ki je primerna za vse razli\u010dne \u0161porte.<\/p>\n","protected":false},"featured_media":92,"comment_status":"open","ping_status":"closed","template":"","meta":[],"product_brand":[],"product_cat":[22],"product_tag":[23],"class_list":{"0":"post-91","1":"product","2":"type-product","3":"status-publish","4":"has-post-thumbnail","6":"product_cat-sportni-pripomocki","7":"product_tag-torba","9":"first","10":"instock","11":"taxable","12":"shipping-taxable","13":"purchasable","14":"product-type-variable"},"yoast_head":"<!-- This site is optimized with the Yoast SEO plugin v25.3.1 - https:\/\/yoast.com\/wordpress\/plugins\/seo\/ -->\n<title>\u0160portna torba - Nogometna strast<\/title>\n<meta name=\"description\" content=\"Prostorna torba, ki je primerna za vse razli\u010dne \u0161porte. \u0160portna torba je oblikovana za udobno prena\u0161anje in organizacijo \u0161portne opreme ter drugih potreb\u0161\u010din med vadbo, potovanjem ali vsakodnevnimi aktivnostmi.\" \/>\n<meta name=\"robots\" content=\"index, follow, max-snippet:-1, max-image-preview:large, max-video-preview:-1\" \/>\n<link rel=\"canonical\" href=\"https:\/\/4.nejcsilak.lab1.almamater.si\/?product=sportna-torba\" \/>\n<meta property=\"og:locale\" content=\"en_US\" \/>\n<meta property=\"og:type\" content=\"article\" \/>\n<meta property=\"og:title\" content=\"\u0160portna torba - Nogometna strast\" \/>\n<meta property=\"og:description\" content=\"Prostorna torba, ki je primerna za vse razli\u010dne \u0161porte. \u0160portna torba je oblikovana za udobno prena\u0161anje in organizacijo \u0161portne opreme ter drugih potreb\u0161\u010din med vadbo, potovanjem ali vsakodnevnimi aktivnostmi.\" \/>\n<meta property=\"og:url\" content=\"https:\/\/4.nejcsilak.lab1.almamater.si\/?product=sportna-torba\" \/>\n<meta property=\"og:site_name\" content=\"Nogometna strast\" \/>\n<meta property=\"article:modified_time\" content=\"2024-04-23T09:39:31+00:00\" \/>\n<meta property=\"og:image\" content=\"https:\/\/4.nejcsilak.lab1.almamater.si\/wp-content\/uploads\/2024\/03\/bag-1194459_1280.jpg\" \/>\n\t<meta property=\"og:image:width\" content=\"1280\" \/>\n\t<meta property=\"og:image:height\" content=\"1064\" \/>\n\t<meta property=\"og:image:type\" content=\"image\/jpeg\" \/>\n<meta name=\"twitter:card\" content=\"summary_large_image\" \/>\n<meta name=\"twitter:label1\" content=\"Est. reading time\" \/>\n\t<meta name=\"twitter:data1\" content=\"1 minute\" \/>\n<script type=\"application\/ld+json\" class=\"yoast-schema-graph\">{\"@context\":\"https:\/\/schema.org\",\"@graph\":[{\"@type\":\"WebPage\",\"@id\":\"https:\/\/4.nejcsilak.lab1.almamater.si\/?product=sportna-torba\",\"url\":\"https:\/\/4.nejcsilak.lab1.almamater.si\/?product=sportna-torba\",\"name\":\"\u0160portna torba - Nogometna strast\",\"isPartOf\":{\"@id\":\"https:\/\/4.nejcsilak.lab1.almamater.si\/#website\"},\"primaryImageOfPage\":{\"@id\":\"https:\/\/4.nejcsilak.lab1.almamater.si\/?product=sportna-torba#primaryimage\"},\"image\":{\"@id\":\"https:\/\/4.nejcsilak.lab1.almamater.si\/?product=sportna-torba#primaryimage\"},\"thumbnailUrl\":\"https:\/\/4.nejcsilak.lab1.almamater.si\/wp-content\/uploads\/2024\/03\/bag-1194459_1280.jpg\",\"datePublished\":\"2024-03-31T14:44:05+00:00\",\"dateModified\":\"2024-04-23T09:39:31+00:00\",\"description\":\"Prostorna torba, ki je primerna za vse razli\u010dne \u0161porte. \u0160portna torba je oblikovana za udobno prena\u0161anje in organizacijo \u0161portne opreme ter drugih potreb\u0161\u010din med vadbo, potovanjem ali vsakodnevnimi aktivnostmi.\",\"breadcrumb\":{\"@id\":\"https:\/\/4.nejcsilak.lab1.almamater.si\/?product=sportna-torba#breadcrumb\"},\"inLanguage\":\"en-US\",\"potentialAction\":[{\"@type\":\"ReadAction\",\"target\":[\"https:\/\/4.nejcsilak.lab1.almamater.si\/?product=sportna-torba\"]}]},{\"@type\":\"ImageObject\",\"inLanguage\":\"en-US\",\"@id\":\"https:\/\/4.nejcsilak.lab1.almamater.si\/?product=sportna-torba#primaryimage\",\"url\":\"https:\/\/4.nejcsilak.lab1.almamater.si\/wp-content\/uploads\/2024\/03\/bag-1194459_1280.jpg\",\"contentUrl\":\"https:\/\/4.nejcsilak.lab1.almamater.si\/wp-content\/uploads\/2024\/03\/bag-1194459_1280.jpg\",\"width\":1280,\"height\":1064},{\"@type\":\"BreadcrumbList\",\"@id\":\"https:\/\/4.nejcsilak.lab1.almamater.si\/?product=sportna-torba#breadcrumb\",\"itemListElement\":[{\"@type\":\"ListItem\",\"position\":1,\"name\":\"Home\",\"item\":\"https:\/\/4.nejcsilak.lab1.almamater.si\/\"},{\"@type\":\"ListItem\",\"position\":2,\"name\":\"Trgovina\",\"item\":\"https:\/\/4.nejcsilak.lab1.almamater.si\/?page_id=84\"},{\"@type\":\"ListItem\",\"position\":3,\"name\":\"\u0160portna torba\"}]},{\"@type\":\"WebSite\",\"@id\":\"https:\/\/4.nejcsilak.lab1.almamater.si\/#website\",\"url\":\"https:\/\/4.nejcsilak.lab1.almamater.si\/\",\"name\":\"Nogometna strast\",\"description\":\"\",\"publisher\":{\"@id\":\"https:\/\/4.nejcsilak.lab1.almamater.si\/#organization\"},\"potentialAction\":[{\"@type\":\"SearchAction\",\"target\":{\"@type\":\"EntryPoint\",\"urlTemplate\":\"https:\/\/4.nejcsilak.lab1.almamater.si\/?s={search_term_string}\"},\"query-input\":{\"@type\":\"PropertyValueSpecification\",\"valueRequired\":true,\"valueName\":\"search_term_string\"}}],\"inLanguage\":\"en-US\"},{\"@type\":\"Organization\",\"@id\":\"https:\/\/4.nejcsilak.lab1.almamater.si\/#organization\",\"name\":\"Nogometna strast\",\"url\":\"https:\/\/4.nejcsilak.lab1.almamater.si\/\",\"logo\":{\"@type\":\"ImageObject\",\"inLanguage\":\"en-US\",\"@id\":\"https:\/\/4.nejcsilak.lab1.almamater.si\/#\/schema\/logo\/image\/\",\"url\":\"https:\/\/4.nejcsilak.lab1.almamater.si\/wp-content\/uploads\/2024\/03\/football-1998122_1280.png\",\"contentUrl\":\"https:\/\/4.nejcsilak.lab1.almamater.si\/wp-content\/uploads\/2024\/03\/football-1998122_1280.png\",\"width\":1280,\"height\":1122,\"caption\":\"Nogometna strast\"},\"image\":{\"@id\":\"https:\/\/4.nejcsilak.lab1.almamater.si\/#\/schema\/logo\/image\/\"}}]}<\/script>\n<!-- \/ Yoast SEO plugin. -->","yoast_head_json":{"title":"\u0160portna torba - Nogometna strast","description":"Prostorna torba, ki je primerna za vse razli\u010dne \u0161porte. \u0160portna torba je oblikovana za udobno prena\u0161anje in organizacijo \u0161portne opreme ter drugih potreb\u0161\u010din med vadbo, potovanjem ali vsakodnevnimi aktivnostmi.","robots":{"index":"index","follow":"follow","max-snippet":"max-snippet:-1","max-image-preview":"max-image-preview:large","max-video-preview":"max-video-preview:-1"},"canonical":"https:\/\/4.nejcsilak.lab1.almamater.si\/?product=sportna-torba","og_locale":"en_US","og_type":"article","og_title":"\u0160portna torba - Nogometna strast","og_description":"Prostorna torba, ki je primerna za vse razli\u010dne \u0161porte. \u0160portna torba je oblikovana za udobno prena\u0161anje in organizacijo \u0161portne opreme ter drugih potreb\u0161\u010din med vadbo, potovanjem ali vsakodnevnimi aktivnostmi.","og_url":"https:\/\/4.nejcsilak.lab1.almamater.si\/?product=sportna-torba","og_site_name":"Nogometna strast","article_modified_time":"2024-04-23T09:39:31+00:00","og_image":[{"width":1280,"height":1064,"url":"https:\/\/4.nejcsilak.lab1.almamater.si\/wp-content\/uploads\/2024\/03\/bag-1194459_1280.jpg","type":"image\/jpeg"}],"twitter_card":"summary_large_image","twitter_misc":{"Est. reading time":"1 minute"},"schema":{"@context":"https:\/\/schema.org","@graph":[{"@type":"WebPage","@id":"https:\/\/4.nejcsilak.lab1.almamater.si\/?product=sportna-torba","url":"https:\/\/4.nejcsilak.lab1.almamater.si\/?product=sportna-torba","name":"\u0160portna torba - Nogometna strast","isPartOf":{"@id":"https:\/\/4.nejcsilak.lab1.almamater.si\/#website"},"primaryImageOfPage":{"@id":"https:\/\/4.nejcsilak.lab1.almamater.si\/?product=sportna-torba#primaryimage"},"image":{"@id":"https:\/\/4.nejcsilak.lab1.almamater.si\/?product=sportna-torba#primaryimage"},"thumbnailUrl":"https:\/\/4.nejcsilak.lab1.almamater.si\/wp-content\/uploads\/2024\/03\/bag-1194459_1280.jpg","datePublished":"2024-03-31T14:44:05+00:00","dateModified":"2024-04-23T09:39:31+00:00","description":"Prostorna torba, ki je primerna za vse razli\u010dne \u0161porte. \u0160portna torba je oblikovana za udobno prena\u0161anje in organizacijo \u0161portne opreme ter drugih potreb\u0161\u010din med vadbo, potovanjem ali vsakodnevnimi aktivnostmi.","breadcrumb":{"@id":"https:\/\/4.nejcsilak.lab1.almamater.si\/?product=sportna-torba#breadcrumb"},"inLanguage":"en-US","potentialAction":[{"@type":"ReadAction","target":["https:\/\/4.nejcsilak.lab1.almamater.si\/?product=sportna-torba"]}]},{"@type":"ImageObject","inLanguage":"en-US","@id":"https:\/\/4.nejcsilak.lab1.almamater.si\/?product=sportna-torba#primaryimage","url":"https:\/\/4.nejcsilak.lab1.almamater.si\/wp-content\/uploads\/2024\/03\/bag-1194459_1280.jpg","contentUrl":"https:\/\/4.nejcsilak.lab1.almamater.si\/wp-content\/uploads\/2024\/03\/bag-1194459_1280.jpg","width":1280,"height":1064},{"@type":"BreadcrumbList","@id":"https:\/\/4.nejcsilak.lab1.almamater.si\/?product=sportna-torba#breadcrumb","itemListElement":[{"@type":"ListItem","position":1,"name":"Home","item":"https:\/\/4.nejcsilak.lab1.almamater.si\/"},{"@type":"ListItem","position":2,"name":"Trgovina","item":"https:\/\/4.nejcsilak.lab1.almamater.si\/?page_id=84"},{"@type":"ListItem","position":3,"name":"\u0160portna torba"}]},{"@type":"WebSite","@id":"https:\/\/4.nejcsilak.lab1.almamater.si\/#website","url":"https:\/\/4.nejcsilak.lab1.almamater.si\/","name":"Nogometna strast","description":"","publisher":{"@id":"https:\/\/4.nejcsilak.lab1.almamater.si\/#organization"},"potentialAction":[{"@type":"SearchAction","target":{"@type":"EntryPoint","urlTemplate":"https:\/\/4.nejcsilak.lab1.almamater.si\/?s={search_term_string}"},"query-input":{"@type":"PropertyValueSpecification","valueRequired":true,"valueName":"search_term_string"}}],"inLanguage":"en-US"},{"@type":"Organization","@id":"https:\/\/4.nejcsilak.lab1.almamater.si\/#organization","name":"Nogometna strast","url":"https:\/\/4.nejcsilak.lab1.almamater.si\/","logo":{"@type":"ImageObject","inLanguage":"en-US","@id":"https:\/\/4.nejcsilak.lab1.almamater.si\/#\/schema\/logo\/image\/","url":"https:\/\/4.nejcsilak.lab1.almamater.si\/wp-content\/uploads\/2024\/03\/football-1998122_1280.png","contentUrl":"https:\/\/4.nejcsilak.lab1.almamater.si\/wp-content\/uploads\/2024\/03\/football-1998122_1280.png","width":1280,"height":1122,"caption":"Nogometna strast"},"image":{"@id":"https:\/\/4.nejcsilak.lab1.almamater.si\/#\/schema\/logo\/image\/"}}]}},"_links":{"self":[{"href":"https:\/\/4.nejcsilak.lab1.almamater.si\/index.php?rest_route=\/wp\/v2\/product\/91","targetHints":{"allow":["GET"]}}],"collection":[{"href":"https:\/\/4.nejcsilak.lab1.almamater.si\/index.php?rest_route=\/wp\/v2\/product"}],"about":[{"href":"https:\/\/4.nejcsilak.lab1.almamater.si\/index.php?rest_route=\/wp\/v2\/types\/product"}],"replies":[{"embeddable":true,"href":"https:\/\/4.nejcsilak.lab1.almamater.si\/index.php?rest_route=%2Fwp%2Fv2%2Fcomments&post=91"}],"wp:featuredmedia":[{"embeddable":true,"href":"https:\/\/4.nejcsilak.lab1.almamater.si\/index.php?rest_route=\/wp\/v2\/media\/92"}],"wp:attachment":[{"href":"https:\/\/4.nejcsilak.lab1.almamater.si\/index.php?rest_route=%2Fwp%2Fv2%2Fmedia&parent=91"}],"wp:term":[{"taxonomy":"product_brand","embeddable":true,"href":"https:\/\/4.nejcsilak.lab1.almamater.si\/index.php?rest_route=%2Fwp%2Fv2%2Fproduct_brand&post=91"},{"taxonomy":"product_cat","embeddable":true,"href":"https:\/\/4.nejcsilak.lab1.almamater.si\/index.php?rest_route=%2Fwp%2Fv2%2Fproduct_cat&post=91"},{"taxonomy":"product_tag","embeddable":true,"href":"https:\/\/4.nejcsilak.lab1.almamater.si\/index.php?rest_route=%2Fwp%2Fv2%2Fproduct_tag&post=91"}],"curies":[{"name":"wp","href":"https:\/\/api.w.org\/{rel}","templated":true}]}}