{"id":167,"date":"2024-04-21T19:35:57","date_gmt":"2024-04-21T19:35:57","guid":{"rendered":"https:\/\/4.nejcsilak.lab1.almamater.si\/?post_type=product&#038;p=167"},"modified":"2024-04-23T09:46:20","modified_gmt":"2024-04-23T09:46:20","slug":"nogometna-zoga","status":"publish","type":"product","link":"https:\/\/4.nejcsilak.lab1.almamater.si\/?product=nogometna-zoga","title":{"rendered":"Brazuka"},"content":{"rendered":"<p>Nogometna \u017eoga iz svetovnega prvenstva 2016 v Braziliji, izdelana s strani nem\u0161kega velikana Adidas. V nogah so jo imeli najbolj\u0161i nogometa\u0161i tega planeta.<\/p>\n","protected":false},"excerpt":{"rendered":"<p>Nogometna \u017eoga iz svetovnega prvenstva v Braziliji.<\/p>\n","protected":false},"featured_media":168,"comment_status":"open","ping_status":"closed","template":"","meta":[],"product_brand":[],"product_cat":[22],"product_tag":[36],"class_list":{"0":"post-167","1":"product","2":"type-product","3":"status-publish","4":"has-post-thumbnail","6":"product_cat-sportni-pripomocki","7":"product_tag-zoga","9":"first","10":"instock","11":"taxable","12":"shipping-taxable","13":"purchasable","14":"product-type-simple"},"yoast_head":"<!-- This site is optimized with the Yoast SEO plugin v25.3.1 - https:\/\/yoast.com\/wordpress\/plugins\/seo\/ -->\n<title>Brazuka - Nogometna strast<\/title>\n<meta name=\"description\" content=\"Nogometna \u017eoga iz svetovnega prvenstva 2016 v Braziliji, izdelana s strani nem\u0161kega velikana Adidas. V nogah so jo imeli najbolj\u0161i nogometa\u0161i tega planeta.\" \/>\n<meta name=\"robots\" content=\"index, follow, max-snippet:-1, max-image-preview:large, max-video-preview:-1\" \/>\n<link rel=\"canonical\" href=\"https:\/\/4.nejcsilak.lab1.almamater.si\/?product=nogometna-zoga\" \/>\n<meta property=\"og:locale\" content=\"en_US\" \/>\n<meta property=\"og:type\" content=\"article\" \/>\n<meta property=\"og:title\" content=\"Brazuka - Nogometna strast\" \/>\n<meta property=\"og:description\" content=\"Nogometna \u017eoga iz svetovnega prvenstva 2016 v Braziliji, izdelana s strani nem\u0161kega velikana Adidas. V nogah so jo imeli najbolj\u0161i nogometa\u0161i tega planeta.\" \/>\n<meta property=\"og:url\" content=\"https:\/\/4.nejcsilak.lab1.almamater.si\/?product=nogometna-zoga\" \/>\n<meta property=\"og:site_name\" content=\"Nogometna strast\" \/>\n<meta property=\"article:modified_time\" content=\"2024-04-23T09:46:20+00:00\" \/>\n<meta property=\"og:image\" content=\"https:\/\/4.nejcsilak.lab1.almamater.si\/wp-content\/uploads\/2024\/04\/ball-488717_640.jpg\" \/>\n\t<meta property=\"og:image:width\" content=\"640\" \/>\n\t<meta property=\"og:image:height\" content=\"426\" \/>\n\t<meta property=\"og:image:type\" content=\"image\/jpeg\" \/>\n<meta name=\"twitter:card\" content=\"summary_large_image\" \/>\n<meta name=\"twitter:label1\" content=\"Est. reading time\" \/>\n\t<meta name=\"twitter:data1\" content=\"1 minute\" \/>\n<script type=\"application\/ld+json\" class=\"yoast-schema-graph\">{\"@context\":\"https:\/\/schema.org\",\"@graph\":[{\"@type\":\"WebPage\",\"@id\":\"https:\/\/4.nejcsilak.lab1.almamater.si\/?product=nogometna-zoga\",\"url\":\"https:\/\/4.nejcsilak.lab1.almamater.si\/?product=nogometna-zoga\",\"name\":\"Brazuka - Nogometna strast\",\"isPartOf\":{\"@id\":\"https:\/\/4.nejcsilak.lab1.almamater.si\/#website\"},\"primaryImageOfPage\":{\"@id\":\"https:\/\/4.nejcsilak.lab1.almamater.si\/?product=nogometna-zoga#primaryimage\"},\"image\":{\"@id\":\"https:\/\/4.nejcsilak.lab1.almamater.si\/?product=nogometna-zoga#primaryimage\"},\"thumbnailUrl\":\"https:\/\/4.nejcsilak.lab1.almamater.si\/wp-content\/uploads\/2024\/04\/ball-488717_640.jpg\",\"datePublished\":\"2024-04-21T19:35:57+00:00\",\"dateModified\":\"2024-04-23T09:46:20+00:00\",\"description\":\"Nogometna \u017eoga iz svetovnega prvenstva 2016 v Braziliji, izdelana s strani nem\u0161kega velikana Adidas. V nogah so jo imeli najbolj\u0161i nogometa\u0161i tega planeta.\",\"breadcrumb\":{\"@id\":\"https:\/\/4.nejcsilak.lab1.almamater.si\/?product=nogometna-zoga#breadcrumb\"},\"inLanguage\":\"en-US\",\"potentialAction\":[{\"@type\":\"ReadAction\",\"target\":[\"https:\/\/4.nejcsilak.lab1.almamater.si\/?product=nogometna-zoga\"]}]},{\"@type\":\"ImageObject\",\"inLanguage\":\"en-US\",\"@id\":\"https:\/\/4.nejcsilak.lab1.almamater.si\/?product=nogometna-zoga#primaryimage\",\"url\":\"https:\/\/4.nejcsilak.lab1.almamater.si\/wp-content\/uploads\/2024\/04\/ball-488717_640.jpg\",\"contentUrl\":\"https:\/\/4.nejcsilak.lab1.almamater.si\/wp-content\/uploads\/2024\/04\/ball-488717_640.jpg\",\"width\":640,\"height\":426},{\"@type\":\"BreadcrumbList\",\"@id\":\"https:\/\/4.nejcsilak.lab1.almamater.si\/?product=nogometna-zoga#breadcrumb\",\"itemListElement\":[{\"@type\":\"ListItem\",\"position\":1,\"name\":\"Home\",\"item\":\"https:\/\/4.nejcsilak.lab1.almamater.si\/\"},{\"@type\":\"ListItem\",\"position\":2,\"name\":\"Trgovina\",\"item\":\"https:\/\/4.nejcsilak.lab1.almamater.si\/?page_id=84\"},{\"@type\":\"ListItem\",\"position\":3,\"name\":\"Brazuka\"}]},{\"@type\":\"WebSite\",\"@id\":\"https:\/\/4.nejcsilak.lab1.almamater.si\/#website\",\"url\":\"https:\/\/4.nejcsilak.lab1.almamater.si\/\",\"name\":\"Nogometna strast\",\"description\":\"\",\"publisher\":{\"@id\":\"https:\/\/4.nejcsilak.lab1.almamater.si\/#organization\"},\"potentialAction\":[{\"@type\":\"SearchAction\",\"target\":{\"@type\":\"EntryPoint\",\"urlTemplate\":\"https:\/\/4.nejcsilak.lab1.almamater.si\/?s={search_term_string}\"},\"query-input\":{\"@type\":\"PropertyValueSpecification\",\"valueRequired\":true,\"valueName\":\"search_term_string\"}}],\"inLanguage\":\"en-US\"},{\"@type\":\"Organization\",\"@id\":\"https:\/\/4.nejcsilak.lab1.almamater.si\/#organization\",\"name\":\"Nogometna strast\",\"url\":\"https:\/\/4.nejcsilak.lab1.almamater.si\/\",\"logo\":{\"@type\":\"ImageObject\",\"inLanguage\":\"en-US\",\"@id\":\"https:\/\/4.nejcsilak.lab1.almamater.si\/#\/schema\/logo\/image\/\",\"url\":\"https:\/\/4.nejcsilak.lab1.almamater.si\/wp-content\/uploads\/2024\/03\/football-1998122_1280.png\",\"contentUrl\":\"https:\/\/4.nejcsilak.lab1.almamater.si\/wp-content\/uploads\/2024\/03\/football-1998122_1280.png\",\"width\":1280,\"height\":1122,\"caption\":\"Nogometna strast\"},\"image\":{\"@id\":\"https:\/\/4.nejcsilak.lab1.almamater.si\/#\/schema\/logo\/image\/\"}}]}<\/script>\n<!-- \/ Yoast SEO plugin. -->","yoast_head_json":{"title":"Brazuka - Nogometna strast","description":"Nogometna \u017eoga iz svetovnega prvenstva 2016 v Braziliji, izdelana s strani nem\u0161kega velikana Adidas. V nogah so jo imeli najbolj\u0161i nogometa\u0161i tega planeta.","robots":{"index":"index","follow":"follow","max-snippet":"max-snippet:-1","max-image-preview":"max-image-preview:large","max-video-preview":"max-video-preview:-1"},"canonical":"https:\/\/4.nejcsilak.lab1.almamater.si\/?product=nogometna-zoga","og_locale":"en_US","og_type":"article","og_title":"Brazuka - Nogometna strast","og_description":"Nogometna \u017eoga iz svetovnega prvenstva 2016 v Braziliji, izdelana s strani nem\u0161kega velikana Adidas. V nogah so jo imeli najbolj\u0161i nogometa\u0161i tega planeta.","og_url":"https:\/\/4.nejcsilak.lab1.almamater.si\/?product=nogometna-zoga","og_site_name":"Nogometna strast","article_modified_time":"2024-04-23T09:46:20+00:00","og_image":[{"width":640,"height":426,"url":"https:\/\/4.nejcsilak.lab1.almamater.si\/wp-content\/uploads\/2024\/04\/ball-488717_640.jpg","type":"image\/jpeg"}],"twitter_card":"summary_large_image","twitter_misc":{"Est. reading time":"1 minute"},"schema":{"@context":"https:\/\/schema.org","@graph":[{"@type":"WebPage","@id":"https:\/\/4.nejcsilak.lab1.almamater.si\/?product=nogometna-zoga","url":"https:\/\/4.nejcsilak.lab1.almamater.si\/?product=nogometna-zoga","name":"Brazuka - Nogometna strast","isPartOf":{"@id":"https:\/\/4.nejcsilak.lab1.almamater.si\/#website"},"primaryImageOfPage":{"@id":"https:\/\/4.nejcsilak.lab1.almamater.si\/?product=nogometna-zoga#primaryimage"},"image":{"@id":"https:\/\/4.nejcsilak.lab1.almamater.si\/?product=nogometna-zoga#primaryimage"},"thumbnailUrl":"https:\/\/4.nejcsilak.lab1.almamater.si\/wp-content\/uploads\/2024\/04\/ball-488717_640.jpg","datePublished":"2024-04-21T19:35:57+00:00","dateModified":"2024-04-23T09:46:20+00:00","description":"Nogometna \u017eoga iz svetovnega prvenstva 2016 v Braziliji, izdelana s strani nem\u0161kega velikana Adidas. V nogah so jo imeli najbolj\u0161i nogometa\u0161i tega planeta.","breadcrumb":{"@id":"https:\/\/4.nejcsilak.lab1.almamater.si\/?product=nogometna-zoga#breadcrumb"},"inLanguage":"en-US","potentialAction":[{"@type":"ReadAction","target":["https:\/\/4.nejcsilak.lab1.almamater.si\/?product=nogometna-zoga"]}]},{"@type":"ImageObject","inLanguage":"en-US","@id":"https:\/\/4.nejcsilak.lab1.almamater.si\/?product=nogometna-zoga#primaryimage","url":"https:\/\/4.nejcsilak.lab1.almamater.si\/wp-content\/uploads\/2024\/04\/ball-488717_640.jpg","contentUrl":"https:\/\/4.nejcsilak.lab1.almamater.si\/wp-content\/uploads\/2024\/04\/ball-488717_640.jpg","width":640,"height":426},{"@type":"BreadcrumbList","@id":"https:\/\/4.nejcsilak.lab1.almamater.si\/?product=nogometna-zoga#breadcrumb","itemListElement":[{"@type":"ListItem","position":1,"name":"Home","item":"https:\/\/4.nejcsilak.lab1.almamater.si\/"},{"@type":"ListItem","position":2,"name":"Trgovina","item":"https:\/\/4.nejcsilak.lab1.almamater.si\/?page_id=84"},{"@type":"ListItem","position":3,"name":"Brazuka"}]},{"@type":"WebSite","@id":"https:\/\/4.nejcsilak.lab1.almamater.si\/#website","url":"https:\/\/4.nejcsilak.lab1.almamater.si\/","name":"Nogometna strast","description":"","publisher":{"@id":"https:\/\/4.nejcsilak.lab1.almamater.si\/#organization"},"potentialAction":[{"@type":"SearchAction","target":{"@type":"EntryPoint","urlTemplate":"https:\/\/4.nejcsilak.lab1.almamater.si\/?s={search_term_string}"},"query-input":{"@type":"PropertyValueSpecification","valueRequired":true,"valueName":"search_term_string"}}],"inLanguage":"en-US"},{"@type":"Organization","@id":"https:\/\/4.nejcsilak.lab1.almamater.si\/#organization","name":"Nogometna strast","url":"https:\/\/4.nejcsilak.lab1.almamater.si\/","logo":{"@type":"ImageObject","inLanguage":"en-US","@id":"https:\/\/4.nejcsilak.lab1.almamater.si\/#\/schema\/logo\/image\/","url":"https:\/\/4.nejcsilak.lab1.almamater.si\/wp-content\/uploads\/2024\/03\/football-1998122_1280.png","contentUrl":"https:\/\/4.nejcsilak.lab1.almamater.si\/wp-content\/uploads\/2024\/03\/football-1998122_1280.png","width":1280,"height":1122,"caption":"Nogometna strast"},"image":{"@id":"https:\/\/4.nejcsilak.lab1.almamater.si\/#\/schema\/logo\/image\/"}}]}},"_links":{"self":[{"href":"https:\/\/4.nejcsilak.lab1.almamater.si\/index.php?rest_route=\/wp\/v2\/product\/167","targetHints":{"allow":["GET"]}}],"collection":[{"href":"https:\/\/4.nejcsilak.lab1.almamater.si\/index.php?rest_route=\/wp\/v2\/product"}],"about":[{"href":"https:\/\/4.nejcsilak.lab1.almamater.si\/index.php?rest_route=\/wp\/v2\/types\/product"}],"replies":[{"embeddable":true,"href":"https:\/\/4.nejcsilak.lab1.almamater.si\/index.php?rest_route=%2Fwp%2Fv2%2Fcomments&post=167"}],"wp:featuredmedia":[{"embeddable":true,"href":"https:\/\/4.nejcsilak.lab1.almamater.si\/index.php?rest_route=\/wp\/v2\/media\/168"}],"wp:attachment":[{"href":"https:\/\/4.nejcsilak.lab1.almamater.si\/index.php?rest_route=%2Fwp%2Fv2%2Fmedia&parent=167"}],"wp:term":[{"taxonomy":"product_brand","embeddable":true,"href":"https:\/\/4.nejcsilak.lab1.almamater.si\/index.php?rest_route=%2Fwp%2Fv2%2Fproduct_brand&post=167"},{"taxonomy":"product_cat","embeddable":true,"href":"https:\/\/4.nejcsilak.lab1.almamater.si\/index.php?rest_route=%2Fwp%2Fv2%2Fproduct_cat&post=167"},{"taxonomy":"product_tag","embeddable":true,"href":"https:\/\/4.nejcsilak.lab1.almamater.si\/index.php?rest_route=%2Fwp%2Fv2%2Fproduct_tag&post=167"}],"curies":[{"name":"wp","href":"https:\/\/api.w.org\/{rel}","templated":true}]}}